


{"id":814,"date":"2022-05-24T14:47:28","date_gmt":"2022-05-24T12:47:28","guid":{"rendered":"https:\/\/gotting.fr\/wp\/?post_type=product&#038;p=814"},"modified":"2026-03-13T12:40:03","modified_gmt":"2026-03-13T11:40:03","slug":"linogravure-visage-2022-1-8-ex","status":"publish","type":"product","link":"https:\/\/gotting.fr\/wp\/produit\/linogravure-visage-2022-1-8-ex\/","title":{"rendered":"Linogravure Visage 2022-1 &#8211; 8 ex."},"content":{"rendered":"<div class=\"woocommerce-product-video\" style=\"margin:10px auto;\"><div style=\"clear:both\"><\/div><\/div>","protected":false},"excerpt":{"rendered":"<p>Linogravure 3 couleurs \u00e0 plaque perdue (les 3 passages sont grav\u00e9s sur la m\u00eame plaque successivement. Il n&rsquo;est donc pas possible de renouveler le tirage, car les 2 premiers \u00e9tats sont perdus.)<br \/>\nEncres Charbonnel.<\/p>\n<p>14 x 18 cm (dessin)<\/p>\n<p>8 exemplaires sur papier Fabriano Tiepolo 130 g, sign\u00e9s et num\u00e9rot\u00e9s de 1 \u00e0 8.<\/p>\n<p>Les 8 \u00e9preuves sont\u00a0 class\u00e9es par ordre de qualit\u00e9. Des d\u00e9fauts (scories, manques, d\u00e9calages, taches) inh\u00e9rents \u00e0 cette impression artisanale sont \u00e0 prendre en consid\u00e9ration, mais rendent chaque \u00e9preuve unique. Les couleurs peuvent ne pas \u00eatre fid\u00e8les sur l&rsquo;\u00e9cran, mais elles sont les m\u00eames d&rsquo;une \u00e9preuve \u00e0 l&rsquo;autre.<\/p>\n","protected":false},"featured_media":815,"template":"","meta":[],"product_brand":[],"product_cat":[21],"product_tag":[],"class_list":{"0":"post-814","1":"product","2":"type-product","3":"status-publish","4":"has-post-thumbnail","6":"product_cat-estampes","8":"first","9":"outofstock","10":"taxable","11":"shipping-taxable","12":"purchasable","13":"product-type-variable"},"_links":{"self":[{"href":"https:\/\/gotting.fr\/wp\/wp-json\/wp\/v2\/product\/814","targetHints":{"allow":["GET"]}}],"collection":[{"href":"https:\/\/gotting.fr\/wp\/wp-json\/wp\/v2\/product"}],"about":[{"href":"https:\/\/gotting.fr\/wp\/wp-json\/wp\/v2\/types\/product"}],"wp:featuredmedia":[{"embeddable":true,"href":"https:\/\/gotting.fr\/wp\/wp-json\/wp\/v2\/media\/815"}],"wp:attachment":[{"href":"https:\/\/gotting.fr\/wp\/wp-json\/wp\/v2\/media?parent=814"}],"wp:term":[{"taxonomy":"product_brand","embeddable":true,"href":"https:\/\/gotting.fr\/wp\/wp-json\/wp\/v2\/product_brand?post=814"},{"taxonomy":"product_cat","embeddable":true,"href":"https:\/\/gotting.fr\/wp\/wp-json\/wp\/v2\/product_cat?post=814"},{"taxonomy":"product_tag","embeddable":true,"href":"https:\/\/gotting.fr\/wp\/wp-json\/wp\/v2\/product_tag?post=814"}],"curies":[{"name":"wp","href":"https:\/\/api.w.org\/{rel}","templated":true}]}}