


{"id":77,"date":"2019-06-04T15:56:04","date_gmt":"2019-06-04T13:56:04","guid":{"rendered":"https:\/\/gotting.fr\/wp\/?post_type=product&#038;p=77"},"modified":"2019-12-06T11:31:26","modified_gmt":"2019-12-06T10:31:26","slug":"visage-serigraphie","status":"publish","type":"product","link":"https:\/\/gotting.fr\/wp\/produit\/visage-serigraphie\/","title":{"rendered":"Visage &#8211; S\u00e9rigraphie"},"content":{"rendered":"<p>Une des 2 s\u00e9rigraphies \u00e9dit\u00e9es par les \u00e9ditions P.M.J,<br \/>\n\u00e0 l&rsquo;occasion de la publication du recueil \u00ab\u00a0Visages\u00a0\u00bb en 1998.<\/p>\n<p>Le tarif \u00ab\u00a0Livres et brochures\u00a0\u00bb ne peut pas s&rsquo;appliquer<\/p>\n<div class=\"woocommerce-product-video\" style=\"margin:10px auto;\"><div style=\"clear:both\"><\/div><\/div>","protected":false},"excerpt":{"rendered":"<p>S\u00e9rigraphie 3 couleurs<br \/>\n30 x 40 cm<br \/>\nEpreuve d&rsquo;artiste<br \/>\nSign\u00e9e<\/p>\n<p>Exp\u00e9dition uniquement en Colissimo<\/p>\n","protected":false},"featured_media":78,"template":"","meta":[],"product_brand":[],"product_cat":[21],"product_tag":[],"class_list":{"0":"post-77","1":"product","2":"type-product","3":"status-publish","4":"has-post-thumbnail","6":"product_cat-estampes","8":"first","9":"outofstock","10":"taxable","11":"shipping-taxable","12":"purchasable","13":"product-type-simple"},"_links":{"self":[{"href":"https:\/\/gotting.fr\/wp\/wp-json\/wp\/v2\/product\/77","targetHints":{"allow":["GET"]}}],"collection":[{"href":"https:\/\/gotting.fr\/wp\/wp-json\/wp\/v2\/product"}],"about":[{"href":"https:\/\/gotting.fr\/wp\/wp-json\/wp\/v2\/types\/product"}],"wp:featuredmedia":[{"embeddable":true,"href":"https:\/\/gotting.fr\/wp\/wp-json\/wp\/v2\/media\/78"}],"wp:attachment":[{"href":"https:\/\/gotting.fr\/wp\/wp-json\/wp\/v2\/media?parent=77"}],"wp:term":[{"taxonomy":"product_brand","embeddable":true,"href":"https:\/\/gotting.fr\/wp\/wp-json\/wp\/v2\/product_brand?post=77"},{"taxonomy":"product_cat","embeddable":true,"href":"https:\/\/gotting.fr\/wp\/wp-json\/wp\/v2\/product_cat?post=77"},{"taxonomy":"product_tag","embeddable":true,"href":"https:\/\/gotting.fr\/wp\/wp-json\/wp\/v2\/product_tag?post=77"}],"curies":[{"name":"wp","href":"https:\/\/api.w.org\/{rel}","templated":true}]}}